{"id":1518,"date":"2025-07-14T18:56:08","date_gmt":"2025-07-14T18:56:08","guid":{"rendered":"https:\/\/colibrione.com\/socios\/"},"modified":"2025-08-28T14:07:10","modified_gmt":"2025-08-28T14:07:10","slug":"socios","status":"publish","type":"page","link":"https:\/\/colibrione.com\/es\/socios\/","title":{"rendered":"Socios"},"content":{"rendered":"\n\n\t<section class=\"section dark\" id=\"section_1011732298\">\n\t\t<div class=\"section-bg fill\" >\n\t\t\t\t\t\t\t\t\t\n\t\t\t\n\n\t\t<\/div>\n\n\t\t\n\n\t\t<div class=\"section-content relative\">\n\t\t\t\n\n<div class=\"row row-small align-center\"  id=\"row-1197043579\">\n\n\n\t<div id=\"col-1142138747\" class=\"col medium-7 small-12 large-10\"  >\n\t\t\t\t<div class=\"col-inner\"  >\n\t\t\t\n\t\t\t\n\n\t<div id=\"text-2383843687\" class=\"text\">\n\t\t\n\n<h1><span style=\"font-size: 250%;\">Socios<\/span><\/h1>\n\t\t\n<style>\n#text-2383843687 {\n  line-height: 0.75;\n  text-align: center;\n  color: #11284b;\n}\n#text-2383843687 > * {\n  color: #11284b;\n}\n<\/style>\n\t<\/div>\n\t\n<div class=\"text-center\"><div class=\"is-divider divider clearfix\" style=\"max-width:100px;height:5px;background-color:rgb(101, 179, 46);\"><\/div><\/div>\n\n\t<div id=\"text-652472473\" class=\"text\">\n\t\t\n\n<p>En ONE, conectamos Brasil con las marcas que lideran la transici\u00f3n energ\u00e9tica global. Representamos empresas internacionales con tecnolog\u00edas confiables, eficientes y listas para atender las demandas del mercado nacional.<\/p>\n\t\t\n<style>\n#text-652472473 {\n  text-align: center;\n  color: #11284b;\n}\n#text-652472473 > * {\n  color: #11284b;\n}\n<\/style>\n\t<\/div>\n\t\n\n\t\t<\/div>\n\t\t\t\t\t<\/div>\n\n\t\n\n<\/div>\n\n\t\t<\/div>\n\n\t\t\n<style>\n#section_1011732298 {\n  padding-top: 30px;\n  padding-bottom: 30px;\n  min-height: 350px;\n  background-color: #e1efe3;\n}\n@media (min-width:550px) {\n  #section_1011732298 {\n    min-height: 300px;\n  }\n}\n<\/style>\n\t<\/section>\n\t\n\n\t<section class=\"section\" id=\"section_2008424780\">\n\t\t<div class=\"section-bg fill\" >\n\t\t\t\t\t\t\t\t\t\n\t\t\t\n\n\t\t<\/div>\n\n\t\t\n\n\t\t<div class=\"section-content relative\">\n\t\t\t\n\n<div class=\"row row-large align-middle\"  id=\"row-1546617499\">\n\n\n\t<div id=\"col-1710136260\" class=\"col medium-6 small-12 large-6\"  >\n\t\t\t\t<div class=\"col-inner\"  >\n\t\t\t\n\t\t\t\n\n\t<div class=\"img has-hover x md-x lg-x y md-y lg-y\" id=\"image_1776262056\">\n\t\t\t\t\t\t\t\t<div class=\"img-inner dark\" >\n\t\t\t<img fetchpriority=\"high\" decoding=\"async\" width=\"1000\" height=\"1000\" src=\"https:\/\/colibrione.com\/wp-content\/uploads\/2025\/07\/Tongwei.png\" class=\"attachment-large size-large\" alt=\"\" srcset=\"https:\/\/colibrione.com\/wp-content\/uploads\/2025\/07\/Tongwei.png 1000w, https:\/\/colibrione.com\/wp-content\/uploads\/2025\/07\/Tongwei-300x300.png 300w, https:\/\/colibrione.com\/wp-content\/uploads\/2025\/07\/Tongwei-150x150.png 150w, https:\/\/colibrione.com\/wp-content\/uploads\/2025\/07\/Tongwei-768x768.png 768w, https:\/\/colibrione.com\/wp-content\/uploads\/2025\/07\/Tongwei-600x600.png 600w, https:\/\/colibrione.com\/wp-content\/uploads\/2025\/07\/Tongwei-100x100.png 100w\" sizes=\"(max-width: 1000px) 100vw, 1000px\" \/>\t\t\t\t\t\t\n\t\t\t\t\t<\/div>\n\t\t\t\t\t\t\t\t\n<style>\n#image_1776262056 {\n  width: 100%;\n}\n<\/style>\n\t<\/div>\n\t\n\n\n\t\t<\/div>\n\t\t\t\t\t<\/div>\n\n\t\n\n\t<div id=\"col-1426463207\" class=\"col medium-6 small-12 large-6\"  >\n\t\t\t\t<div class=\"col-inner\"  >\n\t\t\t\n\t\t\t\n\n<h1><span data-text-color=\"primary\">Tongwei Solar<\/span><\/h1>\n<p>L\u00edder global en producci\u00f3n de c\u00e9lulas y m\u00f3dulos fotovoltaicos, Tongwei es referente en eficiencia, innovaci\u00f3n y calidad.<\/p>\n<p>Con presencia en m\u00e1s de 20 pa\u00edses, la empresa combina escala industrial y rigor t\u00e9cnico para entregar soluciones solares con alto rendimiento y fiabilidad.<\/p>\n<p>ONE es socio oficial para la representaci\u00f3n y soporte t\u00e9cnico de Tongwei en Brasil.<\/p>\n<a class=\"button success\" style=\"border-radius:99px;\">\n\t\t<span>DESCARGAR<\/span>\n\t<i class=\"icon-angle-down\" aria-hidden=\"true\"><\/i><\/a>\n\n\n\n\t\t<\/div>\n\t\t\t\t\t<\/div>\n\n\t\n\n<\/div>\n<div class=\"row\"  id=\"row-2054184100\">\n\n\n\t<div id=\"col-848640669\" class=\"col small-12 large-12\"  >\n\t\t\t\t<div class=\"col-inner\"  >\n\t\t\t\n\t\t\t\n\n<div class=\"is-divider divider clearfix\" style=\"max-width:100%;height:2px;background-color:rgba(39, 54, 71, 0.1);\"><\/div>\n\n\n\t\t<\/div>\n\t\t\t\t\t<\/div>\n\n\t\n\n<\/div>\n<div class=\"row row-large align-middle\"  id=\"row-678515784\">\n\n\n\t<div id=\"col-1717917265\" class=\"col medium-6 small-12 large-6\"  >\n\t\t\t\t<div class=\"col-inner\"  >\n\t\t\t\n\t\t\t\n\n<h1><span data-text-color=\"primary\">ESET MetaVast<\/span><\/h1>\n<p>Grupo con actuaci\u00f3n global en soluciones de energ\u00eda renovable y tecnolog\u00eda punta en almacenamiento, inversores y sistemas h\u00edbridos.<\/p>\n<p>MetaVast se centra en la innovaci\u00f3n y sostenibilidad, entregando equipos que responden a las demandas del mercado internacional.<\/p>\n<p>ONE act\u00faa como puente estrat\u00e9gico para introducir los productos MetaVast en el ecosistema brasile\u00f1o.<\/p>\n<a class=\"button success\" style=\"border-radius:99px;\">\n\t\t<span>DESCARGAR<\/span>\n\t<i class=\"icon-angle-down\" aria-hidden=\"true\"><\/i><\/a>\n\n\n\n\t\t<\/div>\n\t\t\t\t\t<\/div>\n\n\t\n\n\t<div id=\"col-1880902406\" class=\"col medium-6 small-12 large-6 small-col-first\"  >\n\t\t\t\t<div class=\"col-inner\"  >\n\t\t\t\n\t\t\t\n\n\t<div class=\"img has-hover x md-x lg-x y md-y lg-y\" id=\"image_455445339\">\n\t\t\t\t\t\t\t\t<div class=\"img-inner dark\" >\n\t\t\t<img decoding=\"async\" width=\"1000\" height=\"1000\" src=\"https:\/\/colibrione.com\/wp-content\/uploads\/2025\/07\/ESET.png\" class=\"attachment-large size-large\" alt=\"\" srcset=\"https:\/\/colibrione.com\/wp-content\/uploads\/2025\/07\/ESET.png 1000w, https:\/\/colibrione.com\/wp-content\/uploads\/2025\/07\/ESET-300x300.png 300w, https:\/\/colibrione.com\/wp-content\/uploads\/2025\/07\/ESET-150x150.png 150w, https:\/\/colibrione.com\/wp-content\/uploads\/2025\/07\/ESET-768x768.png 768w, https:\/\/colibrione.com\/wp-content\/uploads\/2025\/07\/ESET-600x600.png 600w, https:\/\/colibrione.com\/wp-content\/uploads\/2025\/07\/ESET-100x100.png 100w\" sizes=\"(max-width: 1000px) 100vw, 1000px\" \/>\t\t\t\t\t\t\n\t\t\t\t\t<\/div>\n\t\t\t\t\t\t\t\t\n<style>\n#image_455445339 {\n  width: 100%;\n}\n<\/style>\n\t<\/div>\n\t\n\n\n\t\t<\/div>\n\t\t\t\t\t<\/div>\n\n\t\n\n<\/div>\n<div class=\"row\"  id=\"row-1874830915\">\n\n\n\t<div id=\"col-2074392170\" class=\"col small-12 large-12\"  >\n\t\t\t\t<div class=\"col-inner\"  >\n\t\t\t\n\t\t\t\n\n<div class=\"is-divider divider clearfix\" style=\"max-width:100%;height:2px;background-color:rgba(39, 54, 71, 0.1);\"><\/div>\n\n\n\t\t<\/div>\n\t\t\t\t\t<\/div>\n\n\t\n\n<\/div>\n<div class=\"row row-large align-middle\"  id=\"row-667768227\">\n\n\n\t<div id=\"col-90013757\" class=\"col medium-6 small-12 large-6\"  >\n\t\t\t\t<div class=\"col-inner\"  >\n\t\t\t\n\t\t\t\n\n\t<div class=\"img has-hover x md-x lg-x y md-y lg-y\" id=\"image_2060693604\">\n\t\t\t\t\t\t\t\t<div class=\"img-inner dark\" >\n\t\t\t<img decoding=\"async\" width=\"1000\" height=\"1000\" src=\"https:\/\/colibrione.com\/wp-content\/uploads\/2025\/07\/Solar-LIT.png\" class=\"attachment-large size-large\" alt=\"\" srcset=\"https:\/\/colibrione.com\/wp-content\/uploads\/2025\/07\/Solar-LIT.png 1000w, https:\/\/colibrione.com\/wp-content\/uploads\/2025\/07\/Solar-LIT-300x300.png 300w, https:\/\/colibrione.com\/wp-content\/uploads\/2025\/07\/Solar-LIT-150x150.png 150w, https:\/\/colibrione.com\/wp-content\/uploads\/2025\/07\/Solar-LIT-768x768.png 768w, https:\/\/colibrione.com\/wp-content\/uploads\/2025\/07\/Solar-LIT-600x600.png 600w, https:\/\/colibrione.com\/wp-content\/uploads\/2025\/07\/Solar-LIT-100x100.png 100w\" sizes=\"(max-width: 1000px) 100vw, 1000px\" \/>\t\t\t\t\t\t\n\t\t\t\t\t<\/div>\n\t\t\t\t\t\t\t\t\n<style>\n#image_2060693604 {\n  width: 100%;\n}\n<\/style>\n\t<\/div>\n\t\n\n\n\t\t<\/div>\n\t\t\t\t\t<\/div>\n\n\t\n\n\t<div id=\"col-1005689044\" class=\"col medium-6 small-12 large-6\"  >\n\t\t\t\t<div class=\"col-inner\"  >\n\t\t\t\n\t\t\t\n\n<h1><span data-text-color=\"primary\">Solar-LIT<\/span><\/h1>\n<p>Especialista en m\u00f3dulos solares y sistemas de generaci\u00f3n distribuida, Solar-LIT une tecnolog\u00eda de fabricaci\u00f3n de \u00faltima generaci\u00f3n con ingenier\u00eda de rendimiento.<\/p>\n<p>Con enfoque en mercados emergentes, ofrece excelente relaci\u00f3n calidad-precio y alto est\u00e1ndar de control de calidad.<\/p>\n<p>ONE representa oficialmente a Solar-LIT en Brasil, con soporte local e integraci\u00f3n t\u00e9cnica.<\/p>\n<a class=\"button success\" style=\"border-radius:99px;\">\n\t\t<span>DESCARGAR<\/span>\n\t<i class=\"icon-angle-down\" aria-hidden=\"true\"><\/i><\/a>\n\n\n\n\t\t<\/div>\n\t\t\t\t\t<\/div>\n\n\t\n\n<\/div>\n\n\n\n\t\t<\/div>\n\n\t\t\n<style>\n#section_2008424780 {\n  padding-top: 60px;\n  padding-bottom: 60px;\n  background-color: rgb(255,255,255);\n}\n<\/style>\n\t<\/section>\n\t\n\n\t<section class=\"section\" id=\"section_1753270753\">\n\t\t<div class=\"section-bg fill\" >\n\t\t\t\t\t\t\t\t\t\n\t\t\t\n\n\t\t<\/div>\n\n\t\t\n\n\t\t<div class=\"section-content relative\">\n\t\t\t\n\n<div class=\"row row-collapse align-center\"  id=\"row-1998808117\">\n\n\n\t<div id=\"col-1518451054\" class=\"col medium-10 small-11 large-11\"  >\n\t\t\t\t<div class=\"col-inner text-center\"  >\n\t\t\t\n\t\t\t\n\n\t<div id=\"text-3990179918\" class=\"text\">\n\t\t\n\n<h1><span data-text-color=\"primary\">\u00bfInteresado en ser nuestro socio?<\/span><\/h1>\n<p>Conecta tu marca al mercado solar brasile\u00f1o con seguridad, estructura local e inteligencia comercial. Representamos empresas globales con actuaci\u00f3n estrat\u00e9gica, soporte t\u00e9cnico e integraci\u00f3n completa con distribuidores e integradores.<br data-start=\"437\" data-end=\"440\">Haz clic en el bot\u00f3n de abajo y descubre c\u00f3mo podemos acelerar tu entrada o expansi\u00f3n en Brasil con eficiencia y confianza.<\/p>\n\t\t\n<style>\n#text-3990179918 {\n  color: #11284b;\n}\n#text-3990179918 > * {\n  color: #11284b;\n}\n<\/style>\n\t<\/div>\n\t\n<a href=\"https:\/\/colibrione.com\/es\/contacto\/\" class=\"button success\" style=\"border-radius:99px;\">\n\t\t<span>Quiero ser un socio ONE<\/span>\n\t<i class=\"icon-plus\" aria-hidden=\"true\"><\/i><\/a>\n\n\n\n\t\t<\/div>\n\t\t\t\t\t<\/div>\n\n\t\n\n<\/div>\n\n\t\t<\/div>\n\n\t\t\n<style>\n#section_1753270753 {\n  padding-top: 100px;\n  padding-bottom: 100px;\n  background-color: #e1efe3;\n}\n@media (min-width:550px) {\n  #section_1753270753 {\n    padding-top: 80px;\n    padding-bottom: 80px;\n  }\n}\n<\/style>\n\t<\/section>\n\t\n\n","protected":false},"excerpt":{"rendered":"","protected":false},"author":1,"featured_media":0,"parent":0,"menu_order":0,"comment_status":"closed","ping_status":"closed","template":"page-blank.php","meta":{"inline_featured_image":false,"footnotes":""},"class_list":["post-1518","page","type-page","status-publish","hentry"],"_links":{"self":[{"href":"https:\/\/colibrione.com\/es\/wp-json\/wp\/v2\/pages\/1518","targetHints":{"allow":["GET"]}}],"collection":[{"href":"https:\/\/colibrione.com\/es\/wp-json\/wp\/v2\/pages"}],"about":[{"href":"https:\/\/colibrione.com\/es\/wp-json\/wp\/v2\/types\/page"}],"author":[{"embeddable":true,"href":"https:\/\/colibrione.com\/es\/wp-json\/wp\/v2\/users\/1"}],"replies":[{"embeddable":true,"href":"https:\/\/colibrione.com\/es\/wp-json\/wp\/v2\/comments?post=1518"}],"version-history":[{"count":6,"href":"https:\/\/colibrione.com\/es\/wp-json\/wp\/v2\/pages\/1518\/revisions"}],"predecessor-version":[{"id":1803,"href":"https:\/\/colibrione.com\/es\/wp-json\/wp\/v2\/pages\/1518\/revisions\/1803"}],"wp:attachment":[{"href":"https:\/\/colibrione.com\/es\/wp-json\/wp\/v2\/media?parent=1518"}],"curies":[{"name":"wp","href":"https:\/\/api.w.org\/{rel}","templated":true}]}}