{"id":1558,"date":"2025-07-14T19:54:18","date_gmt":"2025-07-14T19:54:18","guid":{"rendered":"https:\/\/colibrione.com\/servicios\/"},"modified":"2025-08-28T14:05:18","modified_gmt":"2025-08-28T14:05:18","slug":"servicios","status":"publish","type":"page","link":"https:\/\/colibrione.com\/es\/servicios\/","title":{"rendered":"Servicios"},"content":{"rendered":"\n\n\t<section class=\"section dark\" id=\"section_1927608945\">\n\t\t<div class=\"section-bg fill\" >\n\t\t\t\t\t\t\t\t\t\n\t\t\t\n\n\t\t<\/div>\n\n\t\t\n\n\t\t<div class=\"section-content relative\">\n\t\t\t\n\n<div class=\"row row-small align-center\"  id=\"row-171235916\">\n\n\n\t<div id=\"col-2068425280\" class=\"col medium-7 small-12 large-12\"  >\n\t\t\t\t<div class=\"col-inner\"  >\n\t\t\t\n\t\t\t\n\n\t<div id=\"text-1992650172\" class=\"text\">\n\t\t\n\n<h1><span style=\"font-size: 250%;\">Servicios<\/span><\/h1>\n\t\t\n<style>\n#text-1992650172 {\n  line-height: 0.75;\n  text-align: center;\n  color: #11284b;\n}\n#text-1992650172 > * {\n  color: #11284b;\n}\n<\/style>\n\t<\/div>\n\t\n<div class=\"text-center\"><div class=\"is-divider divider clearfix\" style=\"max-width:100px;height:5px;background-color:rgb(101, 179, 46);\"><\/div><\/div>\n\n\t<div id=\"text-3002492664\" class=\"text\">\n\t\t\n\n<p>Combinando representaci\u00f3n internacional, soporte local e integraci\u00f3n completa con la cadena energ\u00e9tica, ofrecemos soluciones integrales para marcas que desean actuar con solidez en el mercado fotovoltaico brasile\u00f1o.<\/p>\n\t\t\n<style>\n#text-3002492664 {\n  text-align: center;\n  color: #11284b;\n}\n#text-3002492664 > * {\n  color: #11284b;\n}\n<\/style>\n\t<\/div>\n\t\n\n\t\t<\/div>\n\t\t\t\t\t<\/div>\n\n\t\n\n<\/div>\n\n\t\t<\/div>\n\n\t\t\n<style>\n#section_1927608945 {\n  padding-top: 30px;\n  padding-bottom: 30px;\n  min-height: 350px;\n  background-color: #e1efe3;\n}\n@media (min-width:550px) {\n  #section_1927608945 {\n    min-height: 300px;\n  }\n}\n<\/style>\n\t<\/section>\n\t\n\n\t<section class=\"section info-card-1\" id=\"section_1114807360\">\n\t\t<div class=\"section-bg fill\" >\n\t\t\t\t\t\t\t\t\t\n\t\t\t\n\n\t\t<\/div>\n\n\t\t\n\n\t\t<div class=\"section-content relative\">\n\t\t\t\n\n<div class=\"row row-small align-equal\"  id=\"row-896826616\">\n\n\n\t<div id=\"col-559141750\" class=\"col medium-6 small-12 large-6\"  >\n\t\t\t\t<div class=\"col-inner\" style=\"background-color:#e1efe3;\" >\n\t\t\t\n\t\t\t\n\n\t<div class=\"box has-hover   has-hover box-push box-text-bottom\" >\n\n\t\t<div class=\"box-image\" >\n\t\t\t<a href=\"#\" >\t\t\t<div class=\"image-cover\" style=\"padding-top:70%;\">\n\t\t\t\t<img fetchpriority=\"high\" decoding=\"async\" width=\"700\" height=\"400\" src=\"https:\/\/colibrione.com\/wp-content\/uploads\/2025\/07\/Representacao-Internacional-1.svg\" class=\"attachment- size-\" alt=\"\" \/>\t\t\t\t\t\t\t\t\t\t\t<\/div>\n\t\t\t<\/a>\t\t<\/div>\n\n\t\t<div class=\"box-text text-center\" style=\"background-color:rgb(255, 255, 255);padding:20px 5% 20px 5%;\">\n\t\t\t<div class=\"box-text-inner\">\n\t\t\t\t\n\n<h2><span data-text-color=\"primary\">REPRESENTACI\u00d3N INTERNACIONAL<\/span><\/h2>\n<p> <\/p>\n<p>Somos el enlace entre fabricantes globales y el mercado brasile\u00f1o. Actuamos con exclusividad para empresas l\u00edderes del sector fotovoltaico, encarg\u00e1ndonos de toda la interfaz comercial, t\u00e9cnica y estrat\u00e9gica en el pa\u00eds. <\/p>\n\t<div id=\"gap-1157201560\" class=\"gap-element clearfix\" style=\"display:block; height:auto;\">\n\t\t\n<style>\n#gap-1157201560 {\n  padding-top: 30px;\n}\n<\/style>\n\t<\/div>\n\t\n\n\t<div id=\"text-599991526\" class=\"text\">\n\t\t\n\n<p data-start=\"752\" data-end=\"784\"><span data-text-color=\"primary\"><strong data-start=\"752\" data-end=\"784\">Nuestros diferenciales incluyen:<\/strong><\/span><\/p>\n<ul data-start=\"785\" data-end=\"1038\">\n<li data-start=\"785\" data-end=\"840\">\n<p data-start=\"787\" data-end=\"840\">Acuerdos de representaci\u00f3n exclusiva con marcas globales<\/p>\n<\/li>\n<li data-start=\"841\" data-end=\"908\">\n<p data-start=\"843\" data-end=\"908\">Gesti\u00f3n de imagen, posicionamiento y comunicaci\u00f3n de la marca en Brasil<\/p>\n<\/li>\n<li data-start=\"909\" data-end=\"975\">\n<p data-start=\"911\" data-end=\"975\">Inteligencia de mercado para fijaci\u00f3n de precios y estrategia comercial<\/p>\n<\/li>\n<li data-start=\"976\" data-end=\"1038\">\n<p data-start=\"978\" data-end=\"1038\">Interfaz entre f\u00e1brica y distribuidores locales\/integradores<\/p>\n<\/li>\n<\/ul>\n\t\t\n<style>\n#text-599991526 {\n  text-align: left;\n}\n<\/style>\n\t<\/div>\n\t\n\n\t\t\t<\/div>\n\t\t<\/div>\n\t<\/div>\n\t\n\n\t\t<\/div>\n\t\t\t\t\n<style>\n#col-559141750 > .col-inner {\n  padding: 0px 0px 40px 0px;\n  border-radius: 10px;\n}\n<\/style>\n\t<\/div>\n\n\t\n\n\t<div id=\"col-843796810\" class=\"col medium-6 small-12 large-6\"  >\n\t\t\t\t<div class=\"col-inner\" style=\"background-color:#e1efe3;\" >\n\t\t\t\n\t\t\t\n\n\t<div class=\"box has-hover   has-hover box-push box-text-bottom\" >\n\n\t\t<div class=\"box-image\" >\n\t\t\t<a href=\"#\" >\t\t\t<div class=\"image-cover\" style=\"padding-top:70%;\">\n\t\t\t\t<img decoding=\"async\" width=\"700\" height=\"400\" src=\"https:\/\/colibrione.com\/wp-content\/uploads\/2025\/07\/Ecossistema-Colibri-1.svg\" class=\"attachment- size-\" alt=\"\" \/>\t\t\t\t\t\t\t\t\t\t\t<\/div>\n\t\t\t<\/a>\t\t<\/div>\n\n\t\t<div class=\"box-text text-center\" style=\"background-color:rgb(255, 255, 255);padding:20px 5% 20px 5%;\">\n\t\t\t<div class=\"box-text-inner\">\n\t\t\t\t\n\n<h2><span data-text-color=\"primary\">INTEGRACI\u00d3N CON EL ECOSISTEMA COLIBRI<\/span><\/h2>\n<p> <\/p>\n<p>M\u00e1s que representar marcas, conectamos a cada socio con el ecosistema Colibri Capital, compuesto por distribuidoras, integradoras, desarrolladores de plantas y plataformas digitales. Esto garantiza agilidad, capilaridad y alto est\u00e1ndar de ejecuci\u00f3n. <\/p>\n\t<div id=\"gap-1710912845\" class=\"gap-element clearfix\" style=\"display:block; height:auto;\">\n\t\t\n<style>\n#gap-1710912845 {\n  padding-top: 30px;\n}\n<\/style>\n\t<\/div>\n\t\n\n\t<div id=\"text-1842549844\" class=\"text\">\n\t\t\n\n<p data-start=\"2223\" data-end=\"2244\"><span data-text-color=\"primary\"><strong data-start=\"2223\" data-end=\"2244\">Esto nos permite:<\/strong><\/span><\/p>\n<ul data-start=\"2245\" data-end=\"2540\">\n<li data-start=\"2245\" data-end=\"2328\">\n<p data-start=\"2247\" data-end=\"2328\">Introducir productos directamente en plantas, distribuidoras y constructoras del grupo<\/p>\n<\/li>\n<li data-start=\"2329\" data-end=\"2396\">\n<p data-start=\"2331\" data-end=\"2396\">Probar tecnolog\u00edas en campo antes de la distribuci\u00f3n a gran escala<\/p>\n<\/li>\n<li data-start=\"2397\" data-end=\"2473\">\n<p data-start=\"2399\" data-end=\"2473\">Ofrecer feedback t\u00e9cnico real a los fabricantes, basado en la operaci\u00f3n local<\/p>\n<\/li>\n<li data-start=\"2474\" data-end=\"2540\">\n<p data-start=\"2476\" data-end=\"2540\">Acelerar la curva de entrada y adopci\u00f3n de nuevos productos en Brasil<\/p>\n<\/li>\n<\/ul>\n\t\t\n<style>\n#text-1842549844 {\n  text-align: left;\n}\n<\/style>\n\t<\/div>\n\t\n\n\t\t\t<\/div>\n\t\t<\/div>\n\t<\/div>\n\t\n\n\t\t<\/div>\n\t\t\t\t\n<style>\n#col-843796810 > .col-inner {\n  padding: 0px 0px 40px 0px;\n  border-radius: 10px;\n}\n<\/style>\n\t<\/div>\n\n\t\n\n\t<div id=\"col-1018005849\" class=\"col medium-6 small-12 large-6\"  >\n\t\t\t\t<div class=\"col-inner\" style=\"background-color:#e1efe3;\" >\n\t\t\t\n\t\t\t\n\n\t<div class=\"box has-hover   has-hover box-push box-text-bottom\" >\n\n\t\t<div class=\"box-image\" >\n\t\t\t<a href=\"#\" >\t\t\t<div class=\"image-cover\" style=\"padding-top:70%;\">\n\t\t\t\t<img decoding=\"async\" width=\"700\" height=\"400\" src=\"https:\/\/colibrione.com\/wp-content\/uploads\/2025\/07\/Suporte-Comercial-1.svg\" class=\"attachment- size-\" alt=\"\" \/>\t\t\t\t\t\t\t\t\t\t\t<\/div>\n\t\t\t<\/a>\t\t<\/div>\n\n\t\t<div class=\"box-text text-center\" style=\"background-color:rgb(255, 255, 255);padding:20px 5% 20px 5%;\">\n\t\t\t<div class=\"box-text-inner\">\n\t\t\t\t\n\n<h2><span data-text-color=\"primary\">SOPORTE COMERCIAL Y T\u00c9CNICO<\/span><\/h2>\n<p> <\/p>\n<p>Prestamos soporte completo desde la presentaci\u00f3n de la soluci\u00f3n al cliente hasta el servicio posventa t\u00e9cnico. Nuestro equipo est\u00e1 capacitado para orientar especificaciones, homologaciones, estrategias comerciales e integraci\u00f3n con sistemas existentes. <\/p>\n\t<div id=\"gap-1353397173\" class=\"gap-element clearfix\" style=\"display:block; height:auto;\">\n\t\t\n<style>\n#gap-1353397173 {\n  padding-top: 30px;\n}\n<\/style>\n\t<\/div>\n\t\n\n\t<div id=\"text-1525186355\" class=\"text\">\n\t\t\n\n<p data-start=\"1256\" data-end=\"1271\"><span data-text-color=\"primary\"><strong data-start=\"1256\" data-end=\"1271\">Ofrecemos:<\/strong><\/span><\/p>\n<ul data-start=\"1272\" data-end=\"1529\">\n<li data-start=\"1272\" data-end=\"1344\">\n<p data-start=\"1274\" data-end=\"1344\">Formaciones t\u00e9cnicas y comerciales sobre los equipos representados<\/p>\n<\/li>\n<li data-start=\"1345\" data-end=\"1409\">\n<p data-start=\"1347\" data-end=\"1409\">Soporte en homologaciones y certificaciones (INMETRO, Aneel, etc.)<\/p>\n<\/li>\n<li data-start=\"1410\" data-end=\"1474\">\n<p data-start=\"1412\" data-end=\"1474\">Seguimiento de propuestas y ciclos de venta con integradores<\/p>\n<\/li>\n<\/ul>\n\t\t\n<style>\n#text-1525186355 {\n  text-align: left;\n}\n<\/style>\n\t<\/div>\n\t\n\n\t\t\t<\/div>\n\t\t<\/div>\n\t<\/div>\n\t\n\n\t\t<\/div>\n\t\t\t\t\n<style>\n#col-1018005849 > .col-inner {\n  padding: 0px 0px 40px 0px;\n  border-radius: 10px;\n}\n<\/style>\n\t<\/div>\n\n\t\n\n\t<div id=\"col-721609115\" class=\"col medium-6 small-12 large-6\"  >\n\t\t\t\t<div class=\"col-inner\" style=\"background-color:#e1efe3;\" >\n\t\t\t\n\t\t\t\n\n\t<div class=\"box has-hover   has-hover box-push box-text-bottom\" >\n\n\t\t<div class=\"box-image\" >\n\t\t\t<a href=\"#\" >\t\t\t<div class=\"image-cover\" style=\"padding-top:70%;\">\n\t\t\t\t<img loading=\"lazy\" decoding=\"async\" width=\"700\" height=\"400\" src=\"https:\/\/colibrione.com\/wp-content\/uploads\/2025\/07\/Distribuicao-Estoque-1.svg\" class=\"attachment- size-\" alt=\"\" \/>\t\t\t\t\t\t\t\t\t\t\t<\/div>\n\t\t\t<\/a>\t\t<\/div>\n\n\t\t<div class=\"box-text text-center\" style=\"background-color:rgb(255, 255, 255);padding:20px 5% 20px 5%;\">\n\t\t\t<div class=\"box-text-inner\">\n\t\t\t\t\n\n<h2><span data-text-color=\"primary\">DISTRIBUCI\u00d3N Y STOCK LOCAL<\/span><\/h2>\n<p> <\/p>\n<p>Mediante alianzas estrat\u00e9gicas, disponemos de stocks ubicados en Brasil, garantizando entrega inmediata y log\u00edstica eficiente. Esto permite a nuestros socios operar con mayor velocidad y previsibilidad. <\/p>\n\t<div id=\"gap-129391156\" class=\"gap-element clearfix\" style=\"display:block; height:auto;\">\n\t\t\n<style>\n#gap-129391156 {\n  padding-top: 30px;\n}\n<\/style>\n\t<\/div>\n\t\n\n\t<div id=\"text-4020642597\" class=\"text\">\n\t\t\n\n<p data-start=\"3142\" data-end=\"3168\"><span data-text-color=\"primary\"><strong data-start=\"3142\" data-end=\"3168\">Beneficios ofrecidos:<\/strong><\/span><\/p>\n<ul data-start=\"3169\" data-end=\"3406\">\n<li data-start=\"3169\" data-end=\"3219\">\n<p data-start=\"3171\" data-end=\"3219\">Stocks posicionados estrat\u00e9gicamente en Brasil<\/p>\n<\/li>\n<li data-start=\"3220\" data-end=\"3283\">\n<p data-start=\"3222\" data-end=\"3283\">Entrega inmediata para distribuidores e integradores homologados<\/p>\n<\/li>\n<li data-start=\"3284\" data-end=\"3349\">\n<p data-start=\"3286\" data-end=\"3349\">Operaci\u00f3n conjunta con Sirius (distribuidora oficial del grupo)<\/p>\n<\/li>\n<li data-start=\"3350\" data-end=\"3406\">\n<p data-start=\"3352\" data-end=\"3406\">Reducci\u00f3n de plazos de entrega y mayor previsibilidad comercial<\/p>\n<\/li>\n<\/ul>\n\t\t\n<style>\n#text-4020642597 {\n  text-align: left;\n}\n<\/style>\n\t<\/div>\n\t\n\n\t\t\t<\/div>\n\t\t<\/div>\n\t<\/div>\n\t\n\n\t\t<\/div>\n\t\t\t\t\n<style>\n#col-721609115 > .col-inner {\n  padding: 0px 0px 40px 0px;\n  border-radius: 10px;\n}\n<\/style>\n\t<\/div>\n\n\t\n\n\t<div id=\"col-281117885\" class=\"col medium-6 small-12 large-6\"  >\n\t\t\t\t<div class=\"col-inner\" style=\"background-color:#e1efe3;\" >\n\t\t\t\n\t\t\t\n\n\t<div class=\"box has-hover   has-hover box-push box-text-bottom\" >\n\n\t\t<div class=\"box-image\" >\n\t\t\t<a href=\"#\" >\t\t\t<div class=\"image-cover\" style=\"padding-top:70%;\">\n\t\t\t\t<img loading=\"lazy\" decoding=\"async\" width=\"700\" height=\"400\" src=\"https:\/\/colibrione.com\/wp-content\/uploads\/2025\/07\/Logistica-Desembaraco-1.svg\" class=\"attachment- size-\" alt=\"\" \/>\t\t\t\t\t\t\t\t\t\t\t<\/div>\n\t\t\t<\/a>\t\t<\/div>\n\n\t\t<div class=\"box-text text-center\" style=\"background-color:rgb(255, 255, 255);padding:20px 5% 20px 5%;\">\n\t\t\t<div class=\"box-text-inner\">\n\t\t\t\t\n\n<h2><span data-text-color=\"primary\">LOG\u00cdSTICA Y DESPACHO ADUANERO<\/span><\/h2>\n<p> <\/p>\n<p>Gestionamos todo el proceso de importaci\u00f3n y nacionalizaci\u00f3n de los equipos representados, trabajando junto a operadores log\u00edsticos y agentes de aduanas. Garantizamos trazabilidad, regularizaci\u00f3n y agilidad en el despacho aduanero. <\/p>\n\t<div id=\"gap-642065589\" class=\"gap-element clearfix\" style=\"display:block; height:auto;\">\n\t\t\n<style>\n#gap-642065589 {\n  padding-top: 30px;\n}\n<\/style>\n\t<\/div>\n\t\n\n\t<div id=\"text-3241097360\" class=\"text\">\n\t\t\n\n<p data-start=\"2719\" data-end=\"2747\"><span data-text-color=\"primary\"><strong data-start=\"2719\" data-end=\"2747\">Nuestros servicios incluyen:<\/strong><\/span><\/p>\n<ul data-start=\"2748\" data-end=\"2980\">\n<li data-start=\"2748\" data-end=\"2803\">\n<p data-start=\"2750\" data-end=\"2803\">Coordinaci\u00f3n de embarques y documentaci\u00f3n internacional<\/p>\n<\/li>\n<li data-start=\"2804\" data-end=\"2855\">\n<p data-start=\"2806\" data-end=\"2855\">Seguimiento aduanero y liberaci\u00f3n en aduana<\/p>\n<\/li>\n<li data-start=\"2856\" data-end=\"2918\">\n<p data-start=\"2858\" data-end=\"2918\">Gesti\u00f3n de ICMS, exenciones arancelarias y beneficios fiscales regionales<\/p>\n<\/li>\n<li data-start=\"2919\" data-end=\"2980\">\n<p data-start=\"2921\" data-end=\"2980\">Garant\u00eda de conformidad log\u00edstica con la legislaci\u00f3n vigente<\/p>\n<\/li>\n<\/ul>\n\t\t\n<style>\n#text-3241097360 {\n  text-align: left;\n}\n<\/style>\n\t<\/div>\n\t\n\n\t\t\t<\/div>\n\t\t<\/div>\n\t<\/div>\n\t\n\n\t\t<\/div>\n\t\t\t\t\n<style>\n#col-281117885 > .col-inner {\n  padding: 0px 0px 40px 0px;\n  border-radius: 10px;\n}\n<\/style>\n\t<\/div>\n\n\t\n\n\t<div id=\"col-2146133424\" class=\"col medium-6 small-12 large-6\"  >\n\t\t\t\t<div class=\"col-inner\" style=\"background-color:#e1efe3;\" >\n\t\t\t\n\t\t\t\n\n\t<div class=\"box has-hover   has-hover box-push box-text-bottom\" >\n\n\t\t<div class=\"box-image\" >\n\t\t\t<a href=\"#\" >\t\t\t<div class=\"image-cover\" style=\"padding-top:70%;\">\n\t\t\t\t<img loading=\"lazy\" decoding=\"async\" width=\"700\" height=\"400\" src=\"https:\/\/colibrione.com\/wp-content\/uploads\/2025\/07\/Gestao-Juridica-1.svg\" class=\"attachment- size-\" alt=\"\" \/>\t\t\t\t\t\t\t\t\t\t\t<\/div>\n\t\t\t<\/a>\t\t<\/div>\n\n\t\t<div class=\"box-text text-center\" style=\"background-color:rgb(255, 255, 255);padding:20px 5% 20px 5%;\">\n\t\t\t<div class=\"box-text-inner\">\n\t\t\t\t\n\n<h2><span data-text-color=\"primary\">GESTI\u00d3N JUR\u00cdDICA Y REGULATORIA<\/span><\/h2>\n<p> <\/p>\n<p>Asumimos el liderazgo en las relaciones contractuales, garantizando seguridad en negociaciones con distribuidores, integradores y dem\u00e1s agentes de la cadena solar. Monitorizamos normas de ANEEL, MAPA y Hacienda Federal para asegurar conformidad en todas las etapas. <\/p>\n\t<div id=\"gap-645093267\" class=\"gap-element clearfix\" style=\"display:block; height:auto;\">\n\t\t\n<style>\n#gap-645093267 {\n  padding-top: 30px;\n}\n<\/style>\n\t<\/div>\n\t\n\n\t<div id=\"text-3721406885\" class=\"text\">\n\t\t\n\n<p data-start=\"1750\" data-end=\"1775\"><span data-text-color=\"primary\"><strong data-start=\"1750\" data-end=\"1775\">Nuestra actuaci\u00f3n incluye:<\/strong><\/span><\/p>\n<ul data-start=\"1776\" data-end=\"2033\">\n<li data-start=\"1776\" data-end=\"1846\">\n<p data-start=\"1778\" data-end=\"1846\">Redacci\u00f3n e intermediaci\u00f3n de contratos de representaci\u00f3n y distribuci\u00f3n<\/p>\n<\/li>\n<li data-start=\"1847\" data-end=\"1915\">\n<p data-start=\"1849\" data-end=\"1915\">Seguimiento de las normativas de Aneel, Hacienda Federal, Anatel y MAPA<\/p>\n<\/li>\n<li data-start=\"1916\" data-end=\"1973\">\n<p data-start=\"1918\" data-end=\"1973\">Soporte en adecuaciones fiscales, tributarias y log\u00edsticas<\/p>\n<\/li>\n<li data-start=\"1974\" data-end=\"2033\">\n<p data-start=\"1976\" data-end=\"2033\">Mitigaci\u00f3n de riesgos legales para fabricantes y compradores<\/p>\n<\/li>\n<\/ul>\n\t\t\n<style>\n#text-3721406885 {\n  text-align: left;\n}\n<\/style>\n\t<\/div>\n\t\n\n\t\t\t<\/div>\n\t\t<\/div>\n\t<\/div>\n\t\n\n\t\t<\/div>\n\t\t\t\t\n<style>\n#col-2146133424 > .col-inner {\n  padding: 0px 0px 40px 0px;\n  border-radius: 10px;\n}\n<\/style>\n\t<\/div>\n\n\t\n\n\n<style>\n#row-896826616 > .col > .col-inner {\n  background-color: rgb(255,255,255);\n}\n<\/style>\n<\/div>\n\n\t\t<\/div>\n\n\t\t\n<style>\n#section_1114807360 {\n  padding-top: 100px;\n  padding-bottom: 100px;\n}\n<\/style>\n\t<\/section>\n\t\n\n\t<section class=\"section\" id=\"section_545325794\">\n\t\t<div class=\"section-bg fill\" >\n\t\t\t\t\t\t\t\t\t\n\t\t\t\n\n\t\t<\/div>\n\n\t\t\n\n\t\t<div class=\"section-content relative\">\n\t\t\t\n\n<div class=\"row align-center\"  id=\"row-1682415794\">\n\n\n\t<div id=\"col-1674684542\" class=\"col medium-8 small-12 large-8\"  >\n\t\t\t\t<div class=\"col-inner text-center\"  >\n\t\t\t\n\t\t\t\n\n\t<div id=\"text-3074525503\" class=\"text\">\n\t\t\n\n<h2>Testimonios<\/h2>\n\t\t\n<style>\n#text-3074525503 {\n  font-size: 1.3rem;\n  color: #11284b;\n}\n#text-3074525503 > * {\n  color: #11284b;\n}\n<\/style>\n\t<\/div>\n\t\n\t<div id=\"text-1208796612\" class=\"text\">\n\t\t\n\n<p>En ONE, creemos que la confianza se construye con resultados. Por eso, nos importa escuchar a quienes caminan a nuestro lado. Aqu\u00ed reunimos testimonios de integradores, distribuidores y representantes de marcas internacionales que han experimentado en la pr\u00e1ctica el impacto de nuestro trabajo \u2014 desde la representaci\u00f3n hasta la entrega.  <\/p>\n\t\t\n<style>\n#text-1208796612 {\n  color: #11284b;\n}\n#text-1208796612 > * {\n  color: #11284b;\n}\n<\/style>\n\t<\/div>\n\t\n\n\t\t<\/div>\n\t\t\t\t\n<style>\n#col-1674684542 > .col-inner {\n  margin: 40px 0px 0px 0px;\n}\n<\/style>\n\t<\/div>\n\n\t\n\n<\/div>\n<div class=\"row\"  id=\"row-2032479495\">\n\n\n\t<div id=\"col-11336513\" class=\"col small-12 large-12\"  >\n\t\t\t\t<div class=\"col-inner text-center\"  >\n\t\t\t\n\t\t\t\n\n<div class=\"slider-wrapper relative\" id=\"slider-783953644\" >\n    <div class=\"slider slider-nav-dots-simple slider-nav-simple slider-nav-normal slider-nav-dark slider-nav-outside slider-style-normal\"\n        data-flickity-options='{\n            \"cellAlign\": \"center\",\n            \"imagesLoaded\": true,\n            \"lazyLoad\": 1,\n            \"freeScroll\": true,\n            \"wrapAround\": true,\n            \"autoPlay\": 5000,\n            \"pauseAutoPlayOnHover\" : true,\n            \"prevNextButtons\": true,\n            \"contain\" : true,\n            \"adaptiveHeight\" : true,\n            \"dragThreshold\" : 10,\n            \"percentPosition\": true,\n            \"pageDots\": false,\n            \"rightToLeft\": false,\n            \"draggable\": true,\n            \"selectedAttraction\": 0.1,\n            \"parallax\" : 0,\n            \"friction\": 0.6        }'\n        >\n        \n\n<div class=\"row align-equal\"  id=\"row-1394803395\">\n\n\n\t<div id=\"col-1465852302\" class=\"col medium-6 small-12 large-6\"  >\n\t\t\t\t<div class=\"col-inner\"  >\n\t\t\t\n\t\t\t\n\n<blockquote style=\"font-size: 100%; font-style: normal;\">\n<p>Tener a ONE como socio marc\u00f3 toda la diferencia en nuestros proyectos de expansi\u00f3n. La claridad en los acuerdos y el soporte t\u00e9cnico fueron fundamentales para ganar nuevos clientes con seguridad. <\/p>\n<\/blockquote>\n\n\t\t<div class=\"icon-box featured-box circle icon-box-left text-left is-small\"  >\n\t\t\t\t<div class=\"icon-box-text last-reset\">\n\t\t\t\t\t\t\t\t\t\n\n<h3 style=\"margin-bottom:0px;\">Jo\u00e3o Lucas Andrade<\/h3>\n<p>Gerente Comercial<\/p>\n\n\t\t<\/div>\n\t<\/div>\n\t\n\t\n\n\t\t<\/div>\n\t\t\t\t\n<style>\n#col-1465852302 > .col-inner {\n  border-radius: 15px;\n}\n<\/style>\n\t<\/div>\n\n\t\n\n\t<div id=\"col-1789691199\" class=\"col medium-6 small-12 large-6\"  >\n\t\t\t\t<div class=\"col-inner\"  >\n\t\t\t\n\t\t\t\n\n<blockquote style=\"font-size: 100%; font-style: normal;\">\n<p>Desde el principio, ONE nos ayud\u00f3 a navegar por el mercado regulatorio brasile\u00f1o con agilidad e inteligencia. Hoy tenemos una operaci\u00f3n estructurada y con credibilidad gracias a este apoyo. <\/p>\n<\/blockquote>\n\n\t\t<div class=\"icon-box featured-box circle icon-box-left text-left is-small\"  >\n\t\t\t\t<div class=\"icon-box-text last-reset\">\n\t\t\t\t\t\t\t\t\t\n\n<h3 style=\"margin-bottom:0px;\">Camila Ferreira<\/h3>\n<p>Ejecutiva de Cuentas<\/p>\n\n\t\t<\/div>\n\t<\/div>\n\t\n\t\n\n\t\t<\/div>\n\t\t\t\t\n<style>\n#col-1789691199 > .col-inner {\n  border-radius: 15px;\n}\n<\/style>\n\t<\/div>\n\n\t\n\n\n<style>\n#row-1394803395 > .col > .col-inner {\n  padding: 40px 40px 40px 40px;\n  background-color: rgb(255,255,255);\n}\n<\/style>\n<\/div>\n<div class=\"row align-equal\"  id=\"row-1500070236\">\n\n\n\t<div id=\"col-597445642\" class=\"col medium-6 small-12 large-6\"  >\n\t\t\t\t<div class=\"col-inner\"  >\n\t\t\t\n\t\t\t\n\n<blockquote style=\"font-size: 100%; font-style: normal;\">\n<p>El equipo de ONE va m\u00e1s all\u00e1 de la venta: entienden el producto, el mercado y la operaci\u00f3n. Es raro encontrar una empresa que represente tecnolog\u00eda con tanta seriedad y dominio t\u00e9cnico. <\/p>\n<\/blockquote>\n\n\t\t<div class=\"icon-box featured-box circle icon-box-left text-left is-small\"  >\n\t\t\t\t<div class=\"icon-box-text last-reset\">\n\t\t\t\t\t\t\t\t\t\n\n<h3 style=\"margin-bottom:0px;\">Marcelo Yamada<\/h3>\n<p>Director T\u00e9cnico<\/p>\n\n\t\t<\/div>\n\t<\/div>\n\t\n\t\n\n\t\t<\/div>\n\t\t\t\t\n<style>\n#col-597445642 > .col-inner {\n  border-radius: 15px;\n}\n<\/style>\n\t<\/div>\n\n\t\n\n\t<div id=\"col-1775330367\" class=\"col medium-6 small-12 large-6\"  >\n\t\t\t\t<div class=\"col-inner\"  >\n\t\t\t\n\t\t\t\n\n<blockquote style=\"font-size: 100%; font-style: normal;\">\n<p>La entrada de nuestra l\u00ednea en Brasil solo fue posible con el apoyo estrat\u00e9gico de ONE. Ellos se encargaron de todo: desde la traducci\u00f3n t\u00e9cnica hasta la alineaci\u00f3n comercial con los distribuidores. <\/p>\n<\/blockquote>\n\n\t\t<div class=\"icon-box featured-box circle icon-box-left text-left is-small\"  >\n\t\t\t\t<div class=\"icon-box-text last-reset\">\n\t\t\t\t\t\t\t\t\t\n\n<h3 style=\"margin-bottom:0px;\">Juliana Costa<\/h3>\n<p>Especialista de Producto<\/p>\n\n\t\t<\/div>\n\t<\/div>\n\t\n\t\n\n\t\t<\/div>\n\t\t\t\t\n<style>\n#col-1775330367 > .col-inner {\n  border-radius: 15px;\n}\n<\/style>\n\t<\/div>\n\n\t\n\n\n<style>\n#row-1500070236 > .col > .col-inner {\n  padding: 40px 40px 40px 40px;\n  background-color: rgb(255,255,255);\n}\n<\/style>\n<\/div>\n\n     <\/div>\n\n     <div class=\"loading-spin dark large centered\"><\/div>\n\n\t\n<style>\n#slider-783953644 {\n  margin-bottom: 30px;\n}\n<\/style>\n<\/div>\n\n\n\n\t\t<\/div>\n\t\t\t\t\n<style>\n#col-11336513 > .col-inner {\n  margin: 40px 0px 0px 0px;\n}\n<\/style>\n\t<\/div>\n\n\t\n\n<\/div>\n\n\t\t<\/div>\n\n\t\t\n<style>\n#section_545325794 {\n  padding-top: 30px;\n  padding-bottom: 30px;\n  background-color: #e1efe3;\n}\n<\/style>\n\t<\/section>\n\t\n\n","protected":false},"excerpt":{"rendered":"","protected":false},"author":1,"featured_media":0,"parent":0,"menu_order":0,"comment_status":"closed","ping_status":"closed","template":"page-blank.php","meta":{"inline_featured_image":false,"footnotes":""},"class_list":["post-1558","page","type-page","status-publish","hentry"],"_links":{"self":[{"href":"https:\/\/colibrione.com\/es\/wp-json\/wp\/v2\/pages\/1558","targetHints":{"allow":["GET"]}}],"collection":[{"href":"https:\/\/colibrione.com\/es\/wp-json\/wp\/v2\/pages"}],"about":[{"href":"https:\/\/colibrione.com\/es\/wp-json\/wp\/v2\/types\/page"}],"author":[{"embeddable":true,"href":"https:\/\/colibrione.com\/es\/wp-json\/wp\/v2\/users\/1"}],"replies":[{"embeddable":true,"href":"https:\/\/colibrione.com\/es\/wp-json\/wp\/v2\/comments?post=1558"}],"version-history":[{"count":3,"href":"https:\/\/colibrione.com\/es\/wp-json\/wp\/v2\/pages\/1558\/revisions"}],"predecessor-version":[{"id":1795,"href":"https:\/\/colibrione.com\/es\/wp-json\/wp\/v2\/pages\/1558\/revisions\/1795"}],"wp:attachment":[{"href":"https:\/\/colibrione.com\/es\/wp-json\/wp\/v2\/media?parent=1558"}],"curies":[{"name":"wp","href":"https:\/\/api.w.org\/{rel}","templated":true}]}}