{"id":1593,"date":"2025-08-22T14:09:23","date_gmt":"2025-08-22T14:09:23","guid":{"rendered":"https:\/\/colibrione.com\/terminos-de-uso\/"},"modified":"2025-08-28T13:35:56","modified_gmt":"2025-08-28T13:35:56","slug":"terminos-de-uso","status":"publish","type":"page","link":"https:\/\/colibrione.com\/es\/terminos-de-uso\/","title":{"rendered":"T\u00e9rminos de Uso"},"content":{"rendered":"\n\n\t<section class=\"section dark\" id=\"section_2069366173\">\n\t\t<div class=\"section-bg fill\" >\n\t\t\t\t\t\t\t\t\t\n\t\t\t\n\n\t\t<\/div>\n\n\t\t\n\n\t\t<div class=\"section-content relative\">\n\t\t\t\n\n<div class=\"row row-small align-center\"  id=\"row-610421709\">\n\n\n\t<div id=\"col-1068805567\" class=\"col medium-7 small-12 large-10\"  >\n\t\t\t\t<div class=\"col-inner\"  >\n\t\t\t\n\t\t\t\n\n\t<div id=\"text-999480643\" class=\"text\">\n\t\t\n\n<h1><span style=\"font-size: 250%;\">T\u00e9rminos de Uso<\/span><\/h1>\n\t\t\n<style>\n#text-999480643 {\n  line-height: 0.75;\n  text-align: center;\n  color: #11284b;\n}\n#text-999480643 > * {\n  color: #11284b;\n}\n<\/style>\n\t<\/div>\n\t\n<div class=\"text-center\"><div class=\"is-divider divider clearfix\" style=\"max-width:100px;height:5px;background-color:rgb(101, 179, 46);\"><\/div><\/div>\n\n\t<div id=\"text-4077600126\" class=\"text\">\n\t\t\n\n<p>Estos T\u00e9rminos de Uso regulan el acceso y la navegaci\u00f3n en el sitio web de ONE, unidad del Grupo Colibri Capital. Al utilizar nuestros servicios, aceptas las condiciones siguientes. <\/p>\n\t\t\n<style>\n#text-4077600126 {\n  text-align: center;\n  color: #11284b;\n}\n#text-4077600126 > * {\n  color: #11284b;\n}\n<\/style>\n\t<\/div>\n\t\n\n\t\t<\/div>\n\t\t\t\t\t<\/div>\n\n\t\n\n<\/div>\n\n\t\t<\/div>\n\n\t\t\n<style>\n#section_2069366173 {\n  padding-top: 30px;\n  padding-bottom: 30px;\n  min-height: 350px;\n  background-color: #e1efe3;\n}\n@media (min-width:550px) {\n  #section_2069366173 {\n    min-height: 300px;\n  }\n}\n<\/style>\n\t<\/section>\n\t\n\n\t<section class=\"section\" id=\"section_34553072\">\n\t\t<div class=\"section-bg fill\" >\n\t\t\t\t\t\t\t\t\t\n\t\t\t\n\n\t\t<\/div>\n\n\t\t\n\n\t\t<div class=\"section-content relative\">\n\t\t\t\n\n<div class=\"row\"  id=\"row-1247103766\">\n\n\n\t<div id=\"col-1498804186\" class=\"col small-12 large-12\"  >\n\t\t\t\t<div class=\"col-inner\"  >\n\t\t\t\n\t\t\t\n\n\t<div id=\"text-2673035814\" class=\"text\">\n\t\t\n\n<p style=\"text-align: justify;\">Bienvenido al sitio web de ONE, unidad de negocio del Grupo Colibri Capital.<\/p>\n<p style=\"text-align: justify;\">Al acceder o utilizar este sitio web, aceptas los siguientes t\u00e9rminos y condiciones. Recomendamos la lectura atenta de este contenido antes de utilizar cualquier funcionalidad disponible. <\/p>\n<h3 style=\"text-align: justify;\">1. Finalidad del Sitio Web<\/h3>\n<p style=\"text-align: justify;\">Este sitio web tiene como objetivo presentar los servicios, soluciones y representaciones internacionales de ONE en el sector energ\u00e9tico, as\u00ed como ofrecer canales de contacto con nuestro equipo t\u00e9cnico y comercial.<\/p>\n<h3 style=\"text-align: justify;\">2. Propiedad Intelectual<\/h3>\n<p style=\"text-align: justify;\">Todo el contenido presente en este sitio web, incluyendo textos, im\u00e1genes, marcas, logotipos, gr\u00e1ficos, iconos, v\u00eddeos y dise\u00f1os, es propiedad de ONE o de sus socios, estando protegido por derechos de autor y dem\u00e1s legislaciones aplicables.<\/p>\n<p style=\"text-align: justify;\">Est\u00e1 prohibida la reproducci\u00f3n, distribuci\u00f3n, modificaci\u00f3n o cualquier uso no autorizado de este contenido sin consentimiento previo y por escrito de la empresa.<\/p>\n<h3 style=\"text-align: justify;\">3. Responsabilidades del Usuario<\/h3>\n<p style=\"text-align: justify;\">Al utilizar el sitio web, el usuario se compromete a:<\/p>\n<ul class=\"compacto\" style=\"text-align: justify;\">\n<li>Proporcionar informaci\u00f3n verdadera y actualizada al rellenar formularios<\/li>\n<li>No utilizar el sitio web para fines ilegales, ofensivos o que violen derechos de terceros<\/li>\n<li>No intentar invadir, da\u00f1ar o interferir con la estructura del sitio web y sus sistemas<\/li>\n<\/ul>\n<h3 style=\"text-align: justify;\">4. Enlaces Externos<\/h3>\n<p style=\"text-align: justify;\">El sitio web de ONE puede contener enlaces a sitios web de terceros. No nos responsabilizamos por las pol\u00edticas de privacidad, contenido o seguridad de estos entornos externos. <\/p>\n<h3 style=\"text-align: justify;\">5. Modificaciones<\/h3>\n<p style=\"text-align: justify;\">ONE se reserva el derecho de modificar o eliminar cualquier contenido de este sitio web, as\u00ed como actualizar estos T\u00e9rminos de Uso, en cualquier momento y sin previo aviso.<\/p>\n<h3 style=\"text-align: justify;\">6. Legislaci\u00f3n Aplicable<\/h3>\n<p style=\"text-align: justify;\">Este sitio web opera conforme a la legislaci\u00f3n brasile\u00f1a. En caso de conflicto, se elige el foro de la comarca de Fortaleza \u2013 CE, con renuncia a cualquier otro, por m\u00e1s privilegiado que sea. <\/p>\n<p style=\"text-align: justify;\">Si tienes dudas sobre estos t\u00e9rminos, contacta con nosotros por correo electr\u00f3nico: <a href=\"mailto:contato@colibrione.com\">contato@colibrione.com<\/a>.<\/p>\n\t\t\n<style>\n#text-2673035814 {\n  text-align: left;\n}\n<\/style>\n\t<\/div>\n\t\n\n\t\t<\/div>\n\t\t\t\t\t<\/div>\n\n\t\n\n<\/div>\n\n\t\t<\/div>\n\n\t\t\n<style>\n#section_34553072 {\n  padding-top: 30px;\n  padding-bottom: 30px;\n  margin-bottom: 50px;\n}\n<\/style>\n\t<\/section>\n\t\n\n","protected":false},"excerpt":{"rendered":"","protected":false},"author":1,"featured_media":0,"parent":0,"menu_order":0,"comment_status":"closed","ping_status":"closed","template":"page-blank.php","meta":{"inline_featured_image":false,"footnotes":""},"class_list":["post-1593","page","type-page","status-publish","hentry"],"_links":{"self":[{"href":"https:\/\/colibrione.com\/es\/wp-json\/wp\/v2\/pages\/1593","targetHints":{"allow":["GET"]}}],"collection":[{"href":"https:\/\/colibrione.com\/es\/wp-json\/wp\/v2\/pages"}],"about":[{"href":"https:\/\/colibrione.com\/es\/wp-json\/wp\/v2\/types\/page"}],"author":[{"embeddable":true,"href":"https:\/\/colibrione.com\/es\/wp-json\/wp\/v2\/users\/1"}],"replies":[{"embeddable":true,"href":"https:\/\/colibrione.com\/es\/wp-json\/wp\/v2\/comments?post=1593"}],"version-history":[{"count":2,"href":"https:\/\/colibrione.com\/es\/wp-json\/wp\/v2\/pages\/1593\/revisions"}],"predecessor-version":[{"id":1595,"href":"https:\/\/colibrione.com\/es\/wp-json\/wp\/v2\/pages\/1593\/revisions\/1595"}],"wp:attachment":[{"href":"https:\/\/colibrione.com\/es\/wp-json\/wp\/v2\/media?parent=1593"}],"curies":[{"name":"wp","href":"https:\/\/api.w.org\/{rel}","templated":true}]}}