{"id":1650,"date":"2025-08-22T14:12:52","date_gmt":"2025-08-22T14:12:52","guid":{"rendered":"https:\/\/colibrione.com\/politica-de-cookies\/"},"modified":"2025-08-28T14:36:00","modified_gmt":"2025-08-28T14:36:00","slug":"politica-de-cookies","status":"publish","type":"page","link":"https:\/\/colibrione.com\/es\/politica-de-cookies\/","title":{"rendered":"Pol\u00edtica de Cookies"},"content":{"rendered":"\n\n\t<section class=\"section dark\" id=\"section_818293553\">\n\t\t<div class=\"section-bg fill\" >\n\t\t\t\t\t\t\t\t\t\n\t\t\t\n\n\t\t<\/div>\n\n\t\t\n\n\t\t<div class=\"section-content relative\">\n\t\t\t\n\n<div class=\"row row-small align-center\"  id=\"row-1883223767\">\n\n\n\t<div id=\"col-351309961\" class=\"col medium-7 small-12 large-10\"  >\n\t\t\t\t<div class=\"col-inner\"  >\n\t\t\t\n\t\t\t\n\n\t<div id=\"text-2160106077\" class=\"text\">\n\t\t\n\n<h1><span style=\"font-size: 250%;\">Pol\u00edtica de Cookies<\/span><\/h1>\n\t\t\n<style>\n#text-2160106077 {\n  line-height: 0.75;\n  text-align: center;\n  color: #11284b;\n}\n#text-2160106077 > * {\n  color: #11284b;\n}\n<\/style>\n\t<\/div>\n\t\n<div class=\"text-center\"><div class=\"is-divider divider clearfix\" style=\"max-width:100px;height:5px;background-color:rgb(101, 179, 46);\"><\/div><\/div>\n\n\t<div id=\"text-3748708512\" class=\"text\">\n\t\t\n\n<p>Esta Pol\u00edtica de Cookies explica c\u00f3mo utilizamos cookies y tecnolog\u00edas similares para mejorar tu experiencia en el sitio web de ONE. Al continuar navegando, aceptas el uso de estas tecnolog\u00edas. <\/p>\n\t\t\n<style>\n#text-3748708512 {\n  text-align: center;\n  color: #11284b;\n}\n#text-3748708512 > * {\n  color: #11284b;\n}\n<\/style>\n\t<\/div>\n\t\n\n\t\t<\/div>\n\t\t\t\t\t<\/div>\n\n\t\n\n<\/div>\n\n\t\t<\/div>\n\n\t\t\n<style>\n#section_818293553 {\n  padding-top: 30px;\n  padding-bottom: 30px;\n  min-height: 350px;\n  background-color: #e1efe3;\n}\n@media (min-width:550px) {\n  #section_818293553 {\n    min-height: 300px;\n  }\n}\n<\/style>\n\t<\/section>\n\t\n\n\t<section class=\"section\" id=\"section_2140092774\">\n\t\t<div class=\"section-bg fill\" >\n\t\t\t\t\t\t\t\t\t\n\t\t\t\n\n\t\t<\/div>\n\n\t\t\n\n\t\t<div class=\"section-content relative\">\n\t\t\t\n\n<div class=\"row\"  id=\"row-850703478\">\n\n\n\t<div id=\"col-1770968333\" class=\"col small-12 large-12\"  >\n\t\t\t\t<div class=\"col-inner\"  >\n\t\t\t\n\t\t\t\n\n\t<div id=\"text-3899329175\" class=\"text\">\n\t\t\n\n<p style=\"text-align: justify;\">Esta Pol\u00edtica de Cookies explica c\u00f3mo el sitio web de ONE utiliza cookies y tecnolog\u00edas similares para ofrecer una mejor experiencia de navegaci\u00f3n.<\/p>\n<h3 style=\"text-align: justify;\">1. \u00bfQu\u00e9 son las cookies?<\/h3>\n<p style=\"text-align: justify;\">Las cookies son peque\u00f1os archivos de texto almacenados en el navegador del usuario cuando visita un sitio web. Sirven para registrar preferencias, identificar sesiones, recopilar informaci\u00f3n estad\u00edstica y personalizar el contenido. <\/p>\n<h3 style=\"text-align: justify;\">2. \u00bfPor qu\u00e9 usamos cookies?<\/h3>\n<p style=\"text-align: justify;\">Utilizamos cookies para los siguientes fines:<\/p>\n<ul class=\"compacto\" style=\"text-align: justify;\">\n<li>Mejorar el rendimiento y la funcionalidad del sitio web<\/li>\n<li>Entender el comportamiento de navegaci\u00f3n de los usuarios<\/li>\n<li>Recopilar datos anal\u00edticos para optimizar contenidos y campa\u00f1as<\/li>\n<li>Recordar preferencias de navegaci\u00f3n en visitas futuras<\/li>\n<\/ul>\n<h3 style=\"text-align: justify;\">3. Tipos de cookies utilizadas<\/h3>\n<ul class=\"compacto\" style=\"text-align: justify;\">\n<li><strong>Cookies estrictamente necesarias:<\/strong> esenciales para el funcionamiento del sitio web<\/li>\n<li><strong>Cookies anal\u00edticas:<\/strong> utilizadas para entender c\u00f3mo los usuarios interact\u00faan con el sitio web<\/li>\n<li><strong>Cookies de terceros:<\/strong> cookies instaladas por servicios externos, como Google Analytics o redes sociales<\/li>\n<\/ul>\n<h3 style=\"text-align: justify;\">4. Gesti\u00f3n de cookies<\/h3>\n<p style=\"text-align: justify;\">Puedes desactivar las cookies en cualquier momento desde la configuraci\u00f3n de tu navegador. Sin embargo, la desactivaci\u00f3n de ciertas cookies puede afectar al funcionamiento de algunas partes del sitio web. <\/p>\n<h3 style=\"text-align: justify;\">5. Cambios en esta pol\u00edtica<\/h3>\n<p style=\"text-align: justify;\">Podemos actualizar esta Pol\u00edtica de Cookies peri\u00f3dicamente. Te recomendamos que revises esta p\u00e1gina con frecuencia para estar al tanto de cualquier cambio. <\/p>\n<p style=\"text-align: justify;\">Para dudas o solicitudes, contacta a trav\u00e9s del correo electr\u00f3nico: <a href=\"mailto:contato@colibrione.com\">contato@colibrione.com<\/a><\/p>\n\t\t\n<style>\n#text-3899329175 {\n  text-align: left;\n}\n<\/style>\n\t<\/div>\n\t\n\n\t\t<\/div>\n\t\t\t\t\t<\/div>\n\n\t\n\n<\/div>\n\n\t\t<\/div>\n\n\t\t\n<style>\n#section_2140092774 {\n  padding-top: 30px;\n  padding-bottom: 30px;\n  margin-bottom: 50px;\n}\n<\/style>\n\t<\/section>\n\t\n\n","protected":false},"excerpt":{"rendered":"","protected":false},"author":1,"featured_media":0,"parent":0,"menu_order":0,"comment_status":"closed","ping_status":"closed","template":"page-blank.php","meta":{"inline_featured_image":false,"footnotes":""},"class_list":["post-1650","page","type-page","status-publish","hentry"],"_links":{"self":[{"href":"https:\/\/colibrione.com\/es\/wp-json\/wp\/v2\/pages\/1650","targetHints":{"allow":["GET"]}}],"collection":[{"href":"https:\/\/colibrione.com\/es\/wp-json\/wp\/v2\/pages"}],"about":[{"href":"https:\/\/colibrione.com\/es\/wp-json\/wp\/v2\/types\/page"}],"author":[{"embeddable":true,"href":"https:\/\/colibrione.com\/es\/wp-json\/wp\/v2\/users\/1"}],"replies":[{"embeddable":true,"href":"https:\/\/colibrione.com\/es\/wp-json\/wp\/v2\/comments?post=1650"}],"version-history":[{"count":2,"href":"https:\/\/colibrione.com\/es\/wp-json\/wp\/v2\/pages\/1650\/revisions"}],"predecessor-version":[{"id":1825,"href":"https:\/\/colibrione.com\/es\/wp-json\/wp\/v2\/pages\/1650\/revisions\/1825"}],"wp:attachment":[{"href":"https:\/\/colibrione.com\/es\/wp-json\/wp\/v2\/media?parent=1650"}],"curies":[{"name":"wp","href":"https:\/\/api.w.org\/{rel}","templated":true}]}}